{"id":310,"date":"2017-02-23T09:31:08","date_gmt":"2017-02-23T09:31:08","guid":{"rendered":"http:\/\/www.taximarbella.com\/terms-conditions\/"},"modified":"2018-03-13T11:33:51","modified_gmt":"2018-03-13T11:33:51","slug":"terms-conditions","status":"publish","type":"page","link":"https:\/\/www.taximarbella.com\/es\/terms-conditions\/","title":{"rendered":"T\u00e9rminos y condiciones"},"content":{"rendered":"<h3>T\u00c9RMINOS Y CONDICIONES<\/h3>\n<p>Antes de reservar por favor, lea estos T\u00e9rminos y Condiciones y Pol\u00edticas de controladores (en lo sucesivo, T\u00e9rminos y condiciones) que se aplican a todos nuestros servicios que son directa o indirectamente disponibles en www.taximarbella.com.<br \/>\nMediante el uso de www.taximarbella.com o cualquiera de nuestras aplicaciones y \/ o mediante la presentaci\u00f3n de una reserva Usted reconoce y acepta que ha le\u00eddo, entendido y aceptado los T\u00e9rminos y Condiciones (incluyendo la Declaraci\u00f3n de privacidad) se exponen a continuaci\u00f3n.<br \/>\nLa reserva de un traslado con nosotros implica su plena aceptaci\u00f3n de estas Condiciones Generales y las consecuencias que puedan derivarse de ellos, y que se compromete a ser legalmente sometido a los mismos. Tambi\u00e9n est\u00e1 de acuerdo en someterse a la jurisdicci\u00f3n exclusiva del tribunal local si surge una disputa entre usted y la empresa y un acuerdo no puede ser alcanzado.<br \/>\nwww.taximarbella.com, su contenido y el servicio de reserva on-line a trav\u00e9s de la transferencia prevista www.taximarbella.com (en lo sucesivo, Servicios) son privados y bajo la direcci\u00f3n de Taximarbella.com Ltd. (en adelante denominado: Taxido .net, \u00e9l, nosotros, nosotros, nuestra, la nuestra) y se proporcionan \u00fanicamente para uso personal y no comercial, de acuerdo con los T\u00e9rminos y Condiciones se establecen a continuaci\u00f3n.<\/p>\n<h3>DESCRIPCI\u00d3N DE LOS SERVICIOS<\/h3>\n<p><strong>1.1<\/strong> Taximarbella.com es una sociedad de responsabilidad limitada que posee y mantiene www.taximarbella.com que permite a los proveedores de transferencia (en adelante, conductor, conductores) para ofrecer servicios de transferencia a los usuarios (en adelante: Pasajero, pasajeros, Usted, Su).<br \/>\nMediante la presentaci\u00f3n de una reserva con nosotros, Usted se compromete a entrar en una obligaci\u00f3n contractual con el proveedor de transferencia real, no con Taximarbella.com.<\/p>\n<p><strong>1.2<\/strong> Desde el punto en el que usted env\u00ede una reserva, Taximarbella.com act\u00faa \u00fanicamente como intermediarios entre usted y el conductor. Su solicitud ser\u00e1 enviada autom\u00e1ticamente al conductor relevante, y un correo electr\u00f3nico de confirmaci\u00f3n ser\u00e1 enviado a usted en nombre del controlador. En el caso de que el conductor no puede realizar la transferencia solicitada, la reserva ser\u00e1 cancelada sin compensaci\u00f3n, y Taximarbella.com le enviar\u00e1 un e-mail con una propuesta alternativa (cuando y si es posible).<\/p>\n<p><strong>1.3<\/strong> Informaci\u00f3n sobre las transferencias que se proporcionan en www.taximarbella.com se basan en la informaci\u00f3n que nos proporcionan los controladores. Cada conductor que ofrece sus servicios de transferencia a trav\u00e9s www.taximarbella.com tiene acceso a su perfil y est\u00e1 obligada a actualizar regularmente los precios, rutas, disponibilidad de los veh\u00edculos y toda la informaci\u00f3n correspondiente a las transferencias.<br \/>\nAunque Taximarbella.com invierte un esfuerzo considerable para garantizar que la informaci\u00f3n publicada en www.taximarbella.com es completamente exacta y correcta,Taximarbella.com no puede garantizar la calidad de la transferencia publicada y no puede ser considerado responsable de cualquier informaci\u00f3n incorrecta o falta de la misma . Cada conductor se hace responsable de la autenticidad de la informaci\u00f3n.<\/p>\n<p><strong>1.4<\/strong> Nuestro servicio es gratuito. No hay costes adicionales o gastos de reserva. No vamos a cargar su tarjeta de cr\u00e9dito en ning\u00fan caso. Usted paga su transferencia directamente a su conductor, por lo tanto, no habr\u00e1 absolutamente ninguna transferencia de fondos entre Usted y Taximarbella.com.<br \/>\nLa cancelaci\u00f3n o modificaciones.<\/p>\n<p><strong>2.1<\/strong> La cancelaci\u00f3n o modificaciones de una reserva se pueden hacer solamente a trav\u00e9s www.taximarbella.com . La cancelaci\u00f3n o modificaciones s\u00f3lo son v\u00e1lidos despu\u00e9s de recibir la confirmaci\u00f3n por correo electr\u00f3nico. Cancelaciones y Modificaciones p\u00f3lizas est\u00e1n disponibles en el correo electr\u00f3nico de confirmaci\u00f3n.<\/p>\n<p><strong>2.2<\/strong> Mediante la presentaci\u00f3n de una reserva a trav\u00e9s www.taximarbella.com, Usted acepta y est\u00e1 de acuerdo con la Pol\u00edtica de Cancelaci\u00f3n y modificaciones pertinentes. Cancelaciones y Modificaciones pol\u00edticas est\u00e1n disponibles en el perfil de cada conductor en la secci\u00f3n Pol\u00edticas de controladores, as\u00ed como en el correo electr\u00f3nico de confirmaci\u00f3n. Cancelaci\u00f3n y modificaciones pol\u00edticas var\u00edan de un controlador a. Le sugerimos que lea Conductor de cancelaci\u00f3n y de Modificaciones pol\u00edticas cuidadosamente antes de reservar.<\/p>\n<p><strong>2.3<\/strong> En el caso de que el conductor no puede completar la reserva de traslado modificado, la reserva ser\u00e1 cancelada sin compensaciones, sobre los queTaximarbella.com le informaremos lo antes posible por correo electr\u00f3nico, lo que sugiere una propuesta alternativa (cuando y si es posible) .<\/p>\n<p><strong>2.4<\/strong> La aprobaci\u00f3n de las modificaciones de reserva depende de la disponibilidad de transferencia de acuerdo a las nuevas solicitudes. En el caso de que las modificaciones requieren una nueva tasa, debido a un veh\u00edculo diferente es necesario, cambiar la hora de recogida o por alguna otra raz\u00f3n, Usted acepta pagar el nuevo precio en su totalidad.<\/p>\n<p><strong>2.5<\/strong> Los precios publicados para traslados al aeropuerto incluyen al menos 1 hora de espera de la llegada del vuelo real (como se muestra en el terminal).Puerto, los precios de transferencia de tren y de autobuses incluyen al menos 30 minutos de espera desde el momento de la llegada. Los precios de otros lugares de reuni\u00f3n incluyen al menos 10 minutos de espera. En caso de un \u2018no-show\u2019 sin ninguna comunicaci\u00f3n de usted despu\u00e9s de que haya transcurrido el tiempo de espera de acuerdo, se le cobrar\u00e1 una tarifa de \u2018no-show\u2019, que es el costo total de la transferencia de la reserva (100%). Esta es una regla general y se aplica s\u00f3lo si el conductor no especific\u00f3 otras reglas en sus pol\u00edticas de controladores.<\/p>\n<p><strong>2.6<\/strong> Mediante la presentaci\u00f3n de una solicitud de reserva, usted acepta que las tasas de gastos de cancelaci\u00f3n tard\u00eda, modificaci\u00f3n o \u2018no-show\u2019 se cargar\u00e1n en la tarjeta de cr\u00e9dito suministrada durante el proceso de reserva.<br \/>\nResponsabilidad de Taximarbella.com<\/p>\n<p><strong>3.1<\/strong> La responsabilidad por la prestaci\u00f3n de transferencia se limita exclusivamente al conductor. Pasivos de Taximarbella.com resultantes de estos T\u00e9rminos y Condiciones se limitan a los de un tercero.<\/p>\n<p><strong>3.2<\/strong> De acuerdo con las leyes aplicables y los presentes T\u00e9rminos y Condiciones,Taximarbella.com asume la responsabilidad por la cantidad especificada en su correo electr\u00f3nico de confirmaci\u00f3n (para una sola o una serie de casos relacionados) por los da\u00f1os directos causados por el incumplimiento de nuestras obligaciones.<\/p>\n<p><strong>3.3<\/strong> Los conductores que ofrecen sus servicios de transferencia en www.taximarbella.comest\u00e1n asegurados y con licencia de acuerdo con sus leyes locales. Dado que las leyes son diferentes dependiendo del pa\u00eds de la operaci\u00f3n, le recomendamos encarecidamente que compre un seguro de viaje completo v\u00e1lido para la longitud total de su viaje.<\/p>\n<p><strong>3.4<\/strong> Ni Taximarbella.com ni sus representantes ser\u00e1n responsables por cualquier lesiones personales, la muerte, la propiedad y otros da\u00f1os, p\u00e9rdidas o gastos que usted incurridos o pagados (ya sea como resultado de actos legislativos, errores, violaci\u00f3nes, negligencia, culpa calificado, ocultar informaci\u00f3n, omisiones, representaci\u00f3n falsa o crimen) y otras p\u00e9rdidas (como los objetos perdidos, robados, equipaje da\u00f1ado o perdido, perdido el vuelo, ferry, tren u otro transporte, etc.) que pueda surgir antes, durante o despu\u00e9s de la prestaci\u00f3n de servicios de transferencia .<\/p>\n","protected":false},"excerpt":{"rendered":"<p>T\u00c9RMINOS Y CONDICIONES Antes de reservar por favor, lea estos T\u00e9rminos y Condiciones y Pol\u00edticas de controladores (en lo sucesivo, T\u00e9rminos y condiciones) que se aplican a todos nuestros servicios que son directa o indirectamente disponibles en www.taximarbella.com. Mediante el uso de www.taximarbella.com o cualquiera de nuestras aplicaciones y \/ o mediante la presentaci\u00f3n de [&hellip;]<\/p>\n","protected":false},"author":1,"featured_media":0,"parent":0,"menu_order":0,"comment_status":"closed","ping_status":"closed","template":"templates\/legals.php","meta":{"footnotes":""},"class_list":["post-310","page","type-page","status-publish","hentry"],"yoast_head":"<!-- This site is optimized with the Yoast SEO plugin v24.3 - https:\/\/yoast.com\/wordpress\/plugins\/seo\/ -->\n<title>T\u00e9rminos y condiciones - Transfer Premium Marbella<\/title>\n<meta name=\"description\" content=\"Antes de reservar por favor, lea estos T\u00e9rminos y Condiciones que se aplican a todos nuestros servicios disponibles en www.taximarbella.com.\" \/>\n<meta name=\"robots\" content=\"noindex, nofollow\" \/>\n<meta property=\"og:locale\" content=\"es_ES\" \/>\n<meta property=\"og:type\" content=\"article\" \/>\n<meta property=\"og:title\" content=\"T\u00e9rminos y condiciones - Transfer Premium Marbella\" \/>\n<meta property=\"og:description\" content=\"Antes de reservar por favor, lea estos T\u00e9rminos y Condiciones que se aplican a todos nuestros servicios disponibles en www.taximarbella.com.\" \/>\n<meta property=\"og:url\" content=\"https:\/\/www.taximarbella.com\/terms-conditions\/\" \/>\n<meta property=\"og:site_name\" content=\"Transfer Premium Marbella\" \/>\n<meta property=\"article:modified_time\" content=\"2018-03-13T11:33:51+00:00\" \/>\n<meta name=\"twitter:card\" content=\"summary_large_image\" \/>\n<meta name=\"twitter:label1\" content=\"Tiempo de lectura\" \/>\n\t<meta name=\"twitter:data1\" content=\"6 minutos\" \/>\n<script type=\"application\/ld+json\" class=\"yoast-schema-graph\">{\"@context\":\"https:\/\/schema.org\",\"@graph\":[{\"@type\":\"WebPage\",\"@id\":\"https:\/\/www.taximarbella.com\/terms-conditions\/\",\"url\":\"https:\/\/www.taximarbella.com\/terms-conditions\/\",\"name\":\"T\u00e9rminos y condiciones - Transfer Premium Marbella\",\"isPartOf\":{\"@id\":\"https:\/\/www.taximarbella.com\/#website\"},\"datePublished\":\"2017-02-23T09:31:08+00:00\",\"dateModified\":\"2018-03-13T11:33:51+00:00\",\"description\":\"Antes de reservar por favor, lea estos T\u00e9rminos y Condiciones que se aplican a todos nuestros servicios disponibles en www.taximarbella.com.\",\"breadcrumb\":{\"@id\":\"https:\/\/www.taximarbella.com\/terms-conditions\/#breadcrumb\"},\"inLanguage\":\"es\",\"potentialAction\":[{\"@type\":\"ReadAction\",\"target\":[\"https:\/\/www.taximarbella.com\/terms-conditions\/\"]}]},{\"@type\":\"BreadcrumbList\",\"@id\":\"https:\/\/www.taximarbella.com\/terms-conditions\/#breadcrumb\",\"itemListElement\":[{\"@type\":\"ListItem\",\"position\":1,\"name\":\"Portada\",\"item\":\"https:\/\/www.taximarbella.com\/\"},{\"@type\":\"ListItem\",\"position\":2,\"name\":\"T\u00e9rminos y condiciones\"}]},{\"@type\":\"WebSite\",\"@id\":\"https:\/\/www.taximarbella.com\/#website\",\"url\":\"https:\/\/www.taximarbella.com\/\",\"name\":\"Transfers Malaga Airport\",\"description\":\"Su servicio de transporte en Marbella. Alquile y disfrute de nuestros veh\u00edculos y conductores el tiempo que necesite. El mejor servicio de la Costa del Sol.\",\"publisher\":{\"@id\":\"https:\/\/www.taximarbella.com\/#organization\"},\"potentialAction\":[{\"@type\":\"SearchAction\",\"target\":{\"@type\":\"EntryPoint\",\"urlTemplate\":\"https:\/\/www.taximarbella.com\/?s={search_term_string}\"},\"query-input\":{\"@type\":\"PropertyValueSpecification\",\"valueRequired\":true,\"valueName\":\"search_term_string\"}}],\"inLanguage\":\"es\"},{\"@type\":\"Organization\",\"@id\":\"https:\/\/www.taximarbella.com\/#organization\",\"name\":\"Transfer premium Marbella\",\"url\":\"https:\/\/www.taximarbella.com\/\",\"logo\":{\"@type\":\"ImageObject\",\"inLanguage\":\"es\",\"@id\":\"https:\/\/www.taximarbella.com\/#\/schema\/logo\/image\/\",\"url\":\"https:\/\/www.taximarbella.com\/wp-content\/uploads\/2019\/02\/Screenshot_20190211-162026.jpg\",\"contentUrl\":\"https:\/\/www.taximarbella.com\/wp-content\/uploads\/2019\/02\/Screenshot_20190211-162026.jpg\",\"width\":656,\"height\":280,\"caption\":\"Transfer premium Marbella\"},\"image\":{\"@id\":\"https:\/\/www.taximarbella.com\/#\/schema\/logo\/image\/\"}}]}<\/script>\n<!-- \/ Yoast SEO plugin. -->","yoast_head_json":{"title":"T\u00e9rminos y condiciones - Transfer Premium Marbella","description":"Antes de reservar por favor, lea estos T\u00e9rminos y Condiciones que se aplican a todos nuestros servicios disponibles en www.taximarbella.com.","robots":{"index":"noindex","follow":"nofollow"},"og_locale":"es_ES","og_type":"article","og_title":"T\u00e9rminos y condiciones - Transfer Premium Marbella","og_description":"Antes de reservar por favor, lea estos T\u00e9rminos y Condiciones que se aplican a todos nuestros servicios disponibles en www.taximarbella.com.","og_url":"https:\/\/www.taximarbella.com\/terms-conditions\/","og_site_name":"Transfer Premium Marbella","article_modified_time":"2018-03-13T11:33:51+00:00","twitter_card":"summary_large_image","twitter_misc":{"Tiempo de lectura":"6 minutos"},"schema":{"@context":"https:\/\/schema.org","@graph":[{"@type":"WebPage","@id":"https:\/\/www.taximarbella.com\/terms-conditions\/","url":"https:\/\/www.taximarbella.com\/terms-conditions\/","name":"T\u00e9rminos y condiciones - Transfer Premium Marbella","isPartOf":{"@id":"https:\/\/www.taximarbella.com\/#website"},"datePublished":"2017-02-23T09:31:08+00:00","dateModified":"2018-03-13T11:33:51+00:00","description":"Antes de reservar por favor, lea estos T\u00e9rminos y Condiciones que se aplican a todos nuestros servicios disponibles en www.taximarbella.com.","breadcrumb":{"@id":"https:\/\/www.taximarbella.com\/terms-conditions\/#breadcrumb"},"inLanguage":"es","potentialAction":[{"@type":"ReadAction","target":["https:\/\/www.taximarbella.com\/terms-conditions\/"]}]},{"@type":"BreadcrumbList","@id":"https:\/\/www.taximarbella.com\/terms-conditions\/#breadcrumb","itemListElement":[{"@type":"ListItem","position":1,"name":"Portada","item":"https:\/\/www.taximarbella.com\/"},{"@type":"ListItem","position":2,"name":"T\u00e9rminos y condiciones"}]},{"@type":"WebSite","@id":"https:\/\/www.taximarbella.com\/#website","url":"https:\/\/www.taximarbella.com\/","name":"Transfers Malaga Airport","description":"Su servicio de transporte en Marbella. Alquile y disfrute de nuestros veh\u00edculos y conductores el tiempo que necesite. El mejor servicio de la Costa del Sol.","publisher":{"@id":"https:\/\/www.taximarbella.com\/#organization"},"potentialAction":[{"@type":"SearchAction","target":{"@type":"EntryPoint","urlTemplate":"https:\/\/www.taximarbella.com\/?s={search_term_string}"},"query-input":{"@type":"PropertyValueSpecification","valueRequired":true,"valueName":"search_term_string"}}],"inLanguage":"es"},{"@type":"Organization","@id":"https:\/\/www.taximarbella.com\/#organization","name":"Transfer premium Marbella","url":"https:\/\/www.taximarbella.com\/","logo":{"@type":"ImageObject","inLanguage":"es","@id":"https:\/\/www.taximarbella.com\/#\/schema\/logo\/image\/","url":"https:\/\/www.taximarbella.com\/wp-content\/uploads\/2019\/02\/Screenshot_20190211-162026.jpg","contentUrl":"https:\/\/www.taximarbella.com\/wp-content\/uploads\/2019\/02\/Screenshot_20190211-162026.jpg","width":656,"height":280,"caption":"Transfer premium Marbella"},"image":{"@id":"https:\/\/www.taximarbella.com\/#\/schema\/logo\/image\/"}}]}},"_links":{"self":[{"href":"https:\/\/www.taximarbella.com\/es\/wp-json\/wp\/v2\/pages\/310","targetHints":{"allow":["GET"]}}],"collection":[{"href":"https:\/\/www.taximarbella.com\/es\/wp-json\/wp\/v2\/pages"}],"about":[{"href":"https:\/\/www.taximarbella.com\/es\/wp-json\/wp\/v2\/types\/page"}],"author":[{"embeddable":true,"href":"https:\/\/www.taximarbella.com\/es\/wp-json\/wp\/v2\/users\/1"}],"replies":[{"embeddable":true,"href":"https:\/\/www.taximarbella.com\/es\/wp-json\/wp\/v2\/comments?post=310"}],"version-history":[{"count":2,"href":"https:\/\/www.taximarbella.com\/es\/wp-json\/wp\/v2\/pages\/310\/revisions"}],"predecessor-version":[{"id":363,"href":"https:\/\/www.taximarbella.com\/es\/wp-json\/wp\/v2\/pages\/310\/revisions\/363"}],"wp:attachment":[{"href":"https:\/\/www.taximarbella.com\/es\/wp-json\/wp\/v2\/media?parent=310"}],"curies":[{"name":"wp","href":"https:\/\/api.w.org\/{rel}","templated":true}]}}